{"id":438,"date":"2026-05-04T19:34:53","date_gmt":"2026-05-04T17:34:53","guid":{"rendered":"https:\/\/marbella.ritualsbyglow.com\/?page_id=438"},"modified":"2026-05-04T19:38:49","modified_gmt":"2026-05-04T17:38:49","slug":"aviso-legal","status":"publish","type":"page","link":"https:\/\/marbella.ritualsbyglow.com\/en\/aviso-legal\/","title":{"rendered":"Legal Notice"},"content":{"rendered":"<div data-elementor-type=\"wp-page\" data-elementor-id=\"438\" class=\"elementor elementor-438\" data-elementor-post-type=\"page\">\n\t\t\t\t<div class=\"elementor-element elementor-element-7e878cf e-flex e-con-boxed e-con e-parent\" data-id=\"7e878cf\" data-element_type=\"container\" data-e-type=\"container\">\n\t\t\t\t\t<div class=\"e-con-inner\">\n\t\t\t\t<div class=\"elementor-element elementor-element-d508684 elementor-widget elementor-widget-text-editor\" data-id=\"d508684\" data-element_type=\"widget\" data-e-type=\"widget\" data-widget_type=\"text-editor.default\">\n\t\t\t\t\t\t\t\t\t<p><\/p><h1 class=\"wp-block-heading\"><strong>Titular del sitio web:<\/strong><\/h1><p><\/p><p>Identidad del Responsable: World Beauty BF SL<\/p><p><\/p><p>Nombre comercial: GLOW<\/p><p><\/p><p>CIF: B75952572<\/p><p><\/p><p>Direcci\u00f3n: C. Capulino Jauregui, 5. 29002 Malaga (Malaga, Espa\u00f1a)<\/p><p><\/p><p>Correo electr\u00f3nico:\u00a0<a href=\"mailto:administracion@glowexperience.eu\">administracion@glowexperience.eu<\/a><\/p><p><\/p><p>Actividad: Actividades de cuidad de belleza<\/p><p><\/p><h4 class=\"wp-block-heading\">1. Objeto<\/h4><p><\/p><p>El presente Aviso Legal regula el uso del sitio web\u00a0<a class=\"\" href=\"http:\/\/www.glowbeautystudio.com\/\">www.glowexperience.es<\/a>\u00a0(en adelante, \u201cla Web\u201d), titularidad de World Beauty BF SL<\/p><p><\/p><p>El acceso a la Web es gratuito salvo en lo relativo al coste de la conexi\u00f3n a trav\u00e9s de la red de telecomunicaciones suministrada por el proveedor de acceso contratado por los usuarios.<\/p><p><\/p><h4 class=\"wp-block-heading\">2. Aceptaci\u00f3n del Usuario<\/h4><p><\/p><p>La utilizaci\u00f3n de la Web atribuye la condici\u00f3n de usuario e implica la aceptaci\u00f3n plena y sin reservas de todas las disposiciones incluidas en este Aviso Legal. Si el usuario no estuviera conforme con alguna de las condiciones aqu\u00ed establecidas, no deber\u00e1 usar\/acceder a este sitio web.<\/p><p><\/p><h4 class=\"wp-block-heading\">3. Propiedad Intelectual e Industrial<\/h4><p><\/p><p>Todos los contenidos de la Web, incluyendo textos, fotograf\u00edas, gr\u00e1ficos, im\u00e1genes, iconos, tecnolog\u00eda, software, dise\u00f1o gr\u00e1fico, c\u00f3digo fuente y dem\u00e1s elementos, son propiedad intelectual de World Beauty BF SL o de terceros, sin que puedan entenderse cedidos al usuario ning\u00fan derecho de explotaci\u00f3n sobre los mismos m\u00e1s all\u00e1 de lo estrictamente necesario para el uso del sitio web.<\/p><p><\/p><h4 class=\"wp-block-heading\">4. Protecci\u00f3n de Datos<\/h4><p><\/p><p>Glow Beauty Studio S.L. cumple con el Reglamento (UE) 2016\/679 (RGPD) y la Ley Org\u00e1nica 3\/2018, de Protecci\u00f3n de Datos Personales y garant\u00eda de los derechos digitales.<\/p><p><\/p><blockquote class=\"wp-block-quote is-layout-flow wp-block-quote-is-layout-flow\"><p>Para m\u00e1s informaci\u00f3n, consulte nuestra<a href=\"https:\/\/ritualsbyglow.com\/politicas-de-privacidad\">\u00a0Pol\u00edtica de Privacidad.<\/a><\/p><\/blockquote><p><\/p><h4 class=\"wp-block-heading\">5. Responsabilidad<\/h4><p><\/p><p>World Beauty BF SL no se responsabiliza del mal uso que se realice de los contenidos del sitio web ni de los da\u00f1os que pudieran derivarse del acceso o uso del mismo.<\/p><p><\/p><h4 class=\"wp-block-heading\">6. Enlaces<\/h4><p><\/p><p>Este sitio web puede contener enlaces a p\u00e1ginas externas. World Beauty BF SL no se responsabiliza del contenido ni de las pol\u00edticas de privacidad de dichas p\u00e1ginas.<\/p><p><\/p><h4 class=\"wp-block-heading\">7. Legislaci\u00f3n Aplicable y Jurisdicci\u00f3n<\/h4><p><\/p><p>El presente Aviso Legal se rige por la legislaci\u00f3n espa\u00f1ola y europea. Para la resoluci\u00f3n de conflictos, las partes se someter\u00e1n a los juzgados y tribunales del domicilio del usuario.<\/p><p><\/p>\t\t\t\t\t\t\t\t<\/div>\n\t\t\t\t\t<\/div>\n\t\t\t\t<\/div>\n\t\t\t\t<\/div>","protected":false},"excerpt":{"rendered":"<p>Titular del sitio web: Identidad del Responsable: World Beauty BF SL Nombre comercial: GLOW CIF: B75952572 Direcci\u00f3n: C. Capulino Jauregui, 5. 29002 Malaga (Malaga, Espa\u00f1a) Correo electr\u00f3nico:\u00a0administracion@glowexperience.eu Actividad: Actividades de cuidad de belleza 1. Objeto El presente Aviso Legal regula el uso del sitio web\u00a0www.glowexperience.es\u00a0(en adelante, \u201cla Web\u201d), titularidad de World Beauty BF SL El [&hellip;]<\/p>\n","protected":false},"author":1,"featured_media":0,"parent":0,"menu_order":0,"comment_status":"closed","ping_status":"closed","template":"","meta":{"footnotes":""},"class_list":["post-438","page","type-page","status-publish","hentry"],"yoast_head":"<!-- This site is optimized with the Yoast SEO plugin v27.5 - https:\/\/yoast.com\/product\/yoast-seo-wordpress\/ -->\n<title>Aviso Legal - Rituals By Glow Marbella<\/title>\n<meta name=\"robots\" content=\"noindex, nofollow\" \/>\n<meta property=\"og:locale\" content=\"en_GB\" \/>\n<meta property=\"og:type\" content=\"article\" \/>\n<meta property=\"og:title\" content=\"Aviso Legal - Rituals By Glow Marbella\" \/>\n<meta property=\"og:description\" content=\"Titular del sitio web: Identidad del Responsable: World Beauty BF SL Nombre comercial: GLOW CIF: B75952572 Direcci\u00f3n: C. Capulino Jauregui, 5. 29002 Malaga (Malaga, Espa\u00f1a) Correo electr\u00f3nico:\u00a0administracion@glowexperience.eu Actividad: Actividades de cuidad de belleza 1. Objeto El presente Aviso Legal regula el uso del sitio web\u00a0www.glowexperience.es\u00a0(en adelante, \u201cla Web\u201d), titularidad de World Beauty BF SL El [&hellip;]\" \/>\n<meta property=\"og:url\" content=\"https:\/\/marbella.ritualsbyglow.com\/en\/aviso-legal\/\" \/>\n<meta property=\"og:site_name\" content=\"Rituals By Glow Marbella\" \/>\n<meta property=\"article:publisher\" content=\"https:\/\/www.facebook.com\/glowoficial.es\" \/>\n<meta property=\"article:modified_time\" content=\"2026-05-04T17:38:49+00:00\" \/>\n<meta property=\"og:image\" content=\"https:\/\/marbella.ritualsbyglow.com\/wp-content\/uploads\/2026\/05\/reset_head_spa_rituals_by_glow.webp\" \/>\n\t<meta property=\"og:image:width\" content=\"800\" \/>\n\t<meta property=\"og:image:height\" content=\"533\" \/>\n\t<meta property=\"og:image:type\" content=\"image\/webp\" \/>\n<meta name=\"twitter:card\" content=\"summary_large_image\" \/>\n<meta name=\"twitter:label1\" content=\"Estimated reading time\" \/>\n\t<meta name=\"twitter:data1\" content=\"2 minutes\" \/>\n<script type=\"application\/ld+json\" class=\"yoast-schema-graph\">{\"@context\":\"https:\\\/\\\/schema.org\",\"@graph\":[{\"@type\":\"WebPage\",\"@id\":\"https:\\\/\\\/marbella.ritualsbyglow.com\\\/aviso-legal\\\/\",\"url\":\"https:\\\/\\\/marbella.ritualsbyglow.com\\\/aviso-legal\\\/\",\"name\":\"Aviso Legal - Rituals By Glow Marbella\",\"isPartOf\":{\"@id\":\"https:\\\/\\\/marbella.ritualsbyglow.com\\\/#website\"},\"datePublished\":\"2026-05-04T17:34:53+00:00\",\"dateModified\":\"2026-05-04T17:38:49+00:00\",\"breadcrumb\":{\"@id\":\"https:\\\/\\\/marbella.ritualsbyglow.com\\\/aviso-legal\\\/#breadcrumb\"},\"inLanguage\":\"en-GB\",\"potentialAction\":[{\"@type\":\"ReadAction\",\"target\":[\"https:\\\/\\\/marbella.ritualsbyglow.com\\\/aviso-legal\\\/\"]}]},{\"@type\":\"BreadcrumbList\",\"@id\":\"https:\\\/\\\/marbella.ritualsbyglow.com\\\/aviso-legal\\\/#breadcrumb\",\"itemListElement\":[{\"@type\":\"ListItem\",\"position\":1,\"name\":\"Portada\",\"item\":\"https:\\\/\\\/marbella.ritualsbyglow.com\\\/\"},{\"@type\":\"ListItem\",\"position\":2,\"name\":\"Aviso Legal\"}]},{\"@type\":\"WebSite\",\"@id\":\"https:\\\/\\\/marbella.ritualsbyglow.com\\\/#website\",\"url\":\"https:\\\/\\\/marbella.ritualsbyglow.com\\\/\",\"name\":\"Rituals By Glow Marbella\",\"description\":\"Head Spa, Masajes Coporales, Spa Capilares y Faciales en Marbella\",\"publisher\":{\"@id\":\"https:\\\/\\\/marbella.ritualsbyglow.com\\\/#organization\"},\"potentialAction\":[{\"@type\":\"SearchAction\",\"target\":{\"@type\":\"EntryPoint\",\"urlTemplate\":\"https:\\\/\\\/marbella.ritualsbyglow.com\\\/?s={search_term_string}\"},\"query-input\":{\"@type\":\"PropertyValueSpecification\",\"valueRequired\":true,\"valueName\":\"search_term_string\"}}],\"inLanguage\":\"en-GB\"},{\"@type\":\"Organization\",\"@id\":\"https:\\\/\\\/marbella.ritualsbyglow.com\\\/#organization\",\"name\":\"Rituals By Glow Marbella\",\"url\":\"https:\\\/\\\/marbella.ritualsbyglow.com\\\/\",\"logo\":{\"@type\":\"ImageObject\",\"inLanguage\":\"en-GB\",\"@id\":\"https:\\\/\\\/marbella.ritualsbyglow.com\\\/#\\\/schema\\\/logo\\\/image\\\/\",\"url\":\"https:\\\/\\\/marbella.ritualsbyglow.com\\\/wp-content\\\/uploads\\\/2026\\\/05\\\/rituals-logo-dark-800w.png\",\"contentUrl\":\"https:\\\/\\\/marbella.ritualsbyglow.com\\\/wp-content\\\/uploads\\\/2026\\\/05\\\/rituals-logo-dark-800w.png\",\"width\":800,\"height\":333,\"caption\":\"Rituals By Glow Marbella\"},\"image\":{\"@id\":\"https:\\\/\\\/marbella.ritualsbyglow.com\\\/#\\\/schema\\\/logo\\\/image\\\/\"},\"sameAs\":[\"https:\\\/\\\/www.facebook.com\\\/glowoficial.es\",\"https:\\\/\\\/www.instagram.com\\\/glowoficial.es\",\"https:\\\/\\\/tiktok.com\\\/@glowoficial.es\"]}]}<\/script>\n<!-- \/ Yoast SEO plugin. -->","yoast_head_json":{"title":"Aviso Legal - Rituals By Glow Marbella","robots":{"index":"noindex","follow":"nofollow"},"og_locale":"en_GB","og_type":"article","og_title":"Aviso Legal - Rituals By Glow Marbella","og_description":"Titular del sitio web: Identidad del Responsable: World Beauty BF SL Nombre comercial: GLOW CIF: B75952572 Direcci\u00f3n: C. Capulino Jauregui, 5. 29002 Malaga (Malaga, Espa\u00f1a) Correo electr\u00f3nico:\u00a0administracion@glowexperience.eu Actividad: Actividades de cuidad de belleza 1. Objeto El presente Aviso Legal regula el uso del sitio web\u00a0www.glowexperience.es\u00a0(en adelante, \u201cla Web\u201d), titularidad de World Beauty BF SL El [&hellip;]","og_url":"https:\/\/marbella.ritualsbyglow.com\/en\/aviso-legal\/","og_site_name":"Rituals By Glow Marbella","article_publisher":"https:\/\/www.facebook.com\/glowoficial.es","article_modified_time":"2026-05-04T17:38:49+00:00","og_image":[{"width":800,"height":533,"url":"https:\/\/marbella.ritualsbyglow.com\/wp-content\/uploads\/2026\/05\/reset_head_spa_rituals_by_glow.webp","type":"image\/webp"}],"twitter_card":"summary_large_image","twitter_misc":{"Estimated reading time":"2 minutes"},"schema":{"@context":"https:\/\/schema.org","@graph":[{"@type":"WebPage","@id":"https:\/\/marbella.ritualsbyglow.com\/aviso-legal\/","url":"https:\/\/marbella.ritualsbyglow.com\/aviso-legal\/","name":"Aviso Legal - Rituals By Glow Marbella","isPartOf":{"@id":"https:\/\/marbella.ritualsbyglow.com\/#website"},"datePublished":"2026-05-04T17:34:53+00:00","dateModified":"2026-05-04T17:38:49+00:00","breadcrumb":{"@id":"https:\/\/marbella.ritualsbyglow.com\/aviso-legal\/#breadcrumb"},"inLanguage":"en-GB","potentialAction":[{"@type":"ReadAction","target":["https:\/\/marbella.ritualsbyglow.com\/aviso-legal\/"]}]},{"@type":"BreadcrumbList","@id":"https:\/\/marbella.ritualsbyglow.com\/aviso-legal\/#breadcrumb","itemListElement":[{"@type":"ListItem","position":1,"name":"Portada","item":"https:\/\/marbella.ritualsbyglow.com\/"},{"@type":"ListItem","position":2,"name":"Aviso Legal"}]},{"@type":"WebSite","@id":"https:\/\/marbella.ritualsbyglow.com\/#website","url":"https:\/\/marbella.ritualsbyglow.com\/","name":"Rituals By Glow Marbella","description":"Head Spa, Masajes Coporales, Spa Capilares y Faciales en Marbella","publisher":{"@id":"https:\/\/marbella.ritualsbyglow.com\/#organization"},"potentialAction":[{"@type":"SearchAction","target":{"@type":"EntryPoint","urlTemplate":"https:\/\/marbella.ritualsbyglow.com\/?s={search_term_string}"},"query-input":{"@type":"PropertyValueSpecification","valueRequired":true,"valueName":"search_term_string"}}],"inLanguage":"en-GB"},{"@type":"Organization","@id":"https:\/\/marbella.ritualsbyglow.com\/#organization","name":"Rituals By Glow Marbella","url":"https:\/\/marbella.ritualsbyglow.com\/","logo":{"@type":"ImageObject","inLanguage":"en-GB","@id":"https:\/\/marbella.ritualsbyglow.com\/#\/schema\/logo\/image\/","url":"https:\/\/marbella.ritualsbyglow.com\/wp-content\/uploads\/2026\/05\/rituals-logo-dark-800w.png","contentUrl":"https:\/\/marbella.ritualsbyglow.com\/wp-content\/uploads\/2026\/05\/rituals-logo-dark-800w.png","width":800,"height":333,"caption":"Rituals By Glow Marbella"},"image":{"@id":"https:\/\/marbella.ritualsbyglow.com\/#\/schema\/logo\/image\/"},"sameAs":["https:\/\/www.facebook.com\/glowoficial.es","https:\/\/www.instagram.com\/glowoficial.es","https:\/\/tiktok.com\/@glowoficial.es"]}]}},"_links":{"self":[{"href":"https:\/\/marbella.ritualsbyglow.com\/en\/wp-json\/wp\/v2\/pages\/438","targetHints":{"allow":["GET"]}}],"collection":[{"href":"https:\/\/marbella.ritualsbyglow.com\/en\/wp-json\/wp\/v2\/pages"}],"about":[{"href":"https:\/\/marbella.ritualsbyglow.com\/en\/wp-json\/wp\/v2\/types\/page"}],"author":[{"embeddable":true,"href":"https:\/\/marbella.ritualsbyglow.com\/en\/wp-json\/wp\/v2\/users\/1"}],"replies":[{"embeddable":true,"href":"https:\/\/marbella.ritualsbyglow.com\/en\/wp-json\/wp\/v2\/comments?post=438"}],"version-history":[{"count":10,"href":"https:\/\/marbella.ritualsbyglow.com\/en\/wp-json\/wp\/v2\/pages\/438\/revisions"}],"predecessor-version":[{"id":448,"href":"https:\/\/marbella.ritualsbyglow.com\/en\/wp-json\/wp\/v2\/pages\/438\/revisions\/448"}],"wp:attachment":[{"href":"https:\/\/marbella.ritualsbyglow.com\/en\/wp-json\/wp\/v2\/media?parent=438"}],"curies":[{"name":"wp","href":"https:\/\/api.w.org\/{rel}","templated":true}]}}