{"id":84,"date":"2026-05-02T14:39:22","date_gmt":"2026-05-02T12:39:22","guid":{"rendered":"https:\/\/marbella.ritualsbyglow.com\/?page_id=84"},"modified":"2026-05-08T16:47:21","modified_gmt":"2026-05-08T14:47:21","slug":"contacto-rituals-by-glow-marbella","status":"publish","type":"page","link":"https:\/\/marbella.ritualsbyglow.com\/en\/contacto-rituals-by-glow-marbella\/","title":{"rendered":"Contact"},"content":{"rendered":"<div data-elementor-type=\"wp-page\" data-elementor-id=\"84\" class=\"elementor elementor-84\" data-elementor-post-type=\"page\">\n\t\t\t\t<div class=\"elementor-element elementor-element-f5186ea e-con-full e-flex e-con e-parent\" data-id=\"f5186ea\" data-element_type=\"container\" data-e-type=\"container\">\n\t\t\t\t<div class=\"elementor-element elementor-element-5b83602 elementor-widget elementor-widget-html\" data-id=\"5b83602\" data-element_type=\"widget\" data-e-type=\"widget\" data-widget_type=\"html.default\">\n\t\t\t\t\t<style>\n@import url('https:\/\/fonts.googleapis.com\/css2?family=Playfair+Display:ital,wght@0,400;0,500;0,600;1,400;1,500&family=Poppins:wght@300;400;500;600&display=swap');\n\n\/* \u2500\u2500 SCOPED WRAPPER \u2500\u2500\u2500\u2500\u2500\u2500\u2500\u2500\u2500\u2500\u2500\u2500\u2500\u2500\u2500\u2500\u2500\u2500\u2500\u2500\u2500\u2500\u2500\u2500\u2500\u2500\u2500\u2500\u2500\u2500\u2500\u2500\u2500\u2500\u2500\u2500\u2500 *\/\n.rbg-contacto, .rbg-contacto * { box-sizing: border-box; }\n.rbg-contacto {\n  font-family: 'Poppins', system-ui, sans-serif;\n  color: #1a1a1a;\n  background: #fff;\n  -webkit-font-smoothing: antialiased;\n}\n.rbg-contacto a { text-decoration: none; color: inherit; }\n.rbg-contacto svg { display: block; }\n\n\/* \u2500\u2500 CONTAINER \u2500\u2500\u2500\u2500\u2500\u2500\u2500\u2500\u2500\u2500\u2500\u2500\u2500\u2500\u2500\u2500\u2500\u2500\u2500\u2500\u2500\u2500\u2500\u2500\u2500\u2500\u2500\u2500\u2500\u2500\u2500\u2500\u2500\u2500\u2500\u2500\u2500\u2500\u2500\u2500\u2500\u2500\u2500 *\/\n.rbg-contacto .container { width: 100%; max-width: 1200px; margin: 0 auto; padding: 0 1.5rem; }\n\n\/* \u2500\u2500 EYEBROW \u2500\u2500\u2500\u2500\u2500\u2500\u2500\u2500\u2500\u2500\u2500\u2500\u2500\u2500\u2500\u2500\u2500\u2500\u2500\u2500\u2500\u2500\u2500\u2500\u2500\u2500\u2500\u2500\u2500\u2500\u2500\u2500\u2500\u2500\u2500\u2500\u2500\u2500\u2500\u2500\u2500\u2500\u2500\u2500\u2500\u2500 *\/\n.rbg-contacto .section__eyebrow { display: inline-block; font-family: 'Poppins', sans-serif; font-size: .75rem; text-transform: uppercase; letter-spacing: .2em; color: #E89BAC; font-weight: 500; margin-bottom: 1rem; }\n\n\/* \u2500\u2500 HERO \u2500\u2500\u2500\u2500\u2500\u2500\u2500\u2500\u2500\u2500\u2500\u2500\u2500\u2500\u2500\u2500\u2500\u2500\u2500\u2500\u2500\u2500\u2500\u2500\u2500\u2500\u2500\u2500\u2500\u2500\u2500\u2500\u2500\u2500\u2500\u2500\u2500\u2500\u2500\u2500\u2500\u2500\u2500\u2500\u2500\u2500\u2500\u2500 *\/\n.rbg-contacto .contact-hero { padding: calc(5rem + 60px) 0 2rem; text-align: center; }\n.rbg-contacto .contact-hero h1 { font-family: 'Playfair Display', serif !important; color: #514435 !important; margin-bottom: .5rem !important; font-size: clamp(2rem, 5vw, 3.5rem) !important; font-weight: 400 !important; line-height: 1.15; }\n.rbg-contacto .contact-hero p { font-size: 1rem; color: #6b6b6b; max-width: 480px; margin: 0 auto; }\n\n\/* \u2500\u2500 SECTION \u2500\u2500\u2500\u2500\u2500\u2500\u2500\u2500\u2500\u2500\u2500\u2500\u2500\u2500\u2500\u2500\u2500\u2500\u2500\u2500\u2500\u2500\u2500\u2500\u2500\u2500\u2500\u2500\u2500\u2500\u2500\u2500\u2500\u2500\u2500\u2500\u2500\u2500\u2500\u2500\u2500\u2500\u2500\u2500\u2500 *\/\n.rbg-contacto .contact-section { padding-top: 1.5rem; padding-bottom: 2rem; }\n\n\/* \u2500\u2500 GRID \u2500\u2500\u2500\u2500\u2500\u2500\u2500\u2500\u2500\u2500\u2500\u2500\u2500\u2500\u2500\u2500\u2500\u2500\u2500\u2500\u2500\u2500\u2500\u2500\u2500\u2500\u2500\u2500\u2500\u2500\u2500\u2500\u2500\u2500\u2500\u2500\u2500\u2500\u2500\u2500\u2500\u2500\u2500\u2500\u2500\u2500\u2500\u2500 *\/\n.rbg-contacto .contact-grid { display: grid; grid-template-columns: 1fr 1fr; gap: 2rem; align-items: stretch; }\n@media (max-width: 900px) {\n  .rbg-contacto .contact-grid { grid-template-columns: 1fr; }\n  .rbg-contacto .contact-map-col { order: 2; }\n  .rbg-contacto .contact-info-col { order: 1; }\n}\n\n\/* \u2500\u2500 INFO COL \u2500\u2500\u2500\u2500\u2500\u2500\u2500\u2500\u2500\u2500\u2500\u2500\u2500\u2500\u2500\u2500\u2500\u2500\u2500\u2500\u2500\u2500\u2500\u2500\u2500\u2500\u2500\u2500\u2500\u2500\u2500\u2500\u2500\u2500\u2500\u2500\u2500\u2500\u2500\u2500\u2500\u2500\u2500\u2500 *\/\n.rbg-contacto .contact-info-col { display: flex; flex-direction: column; gap: 0; }\n\n\/* \u2500\u2500 INFO ITEM \u2500\u2500\u2500\u2500\u2500\u2500\u2500\u2500\u2500\u2500\u2500\u2500\u2500\u2500\u2500\u2500\u2500\u2500\u2500\u2500\u2500\u2500\u2500\u2500\u2500\u2500\u2500\u2500\u2500\u2500\u2500\u2500\u2500\u2500\u2500\u2500\u2500\u2500\u2500\u2500\u2500\u2500\u2500 *\/\n.rbg-contacto .info-item { display: flex; gap: 1rem; align-items: flex-start; padding: 1rem 0; border-bottom: 1px solid #e8e2dc; }\n.rbg-contacto .info-item:last-of-type { border-bottom: none; }\n.rbg-contacto .info-item__icon { width: 36px; height: 36px; display: flex; align-items: center; justify-content: center; color: #E89BAC; flex-shrink: 0; }\n.rbg-contacto .info-item__icon svg { width: 20px; height: 20px; }\n.rbg-contacto .info-item__label { font-family: 'Poppins', sans-serif; font-size: .75rem; text-transform: uppercase; letter-spacing: .1em; color: #6b6b6b; margin: 0 0 4px; }\n.rbg-contacto .info-item p { margin: 0; color: #514435; font-size: .875rem; line-height: 1.6; }\n.rbg-contacto .info-item a { color: #514435; font-weight: 500; transition: color 150ms ease; }\n.rbg-contacto .info-item a:hover { color: #E89BAC; }\n\n\/* \u2500\u2500 WHATSAPP BTN \u2500\u2500\u2500\u2500\u2500\u2500\u2500\u2500\u2500\u2500\u2500\u2500\u2500\u2500\u2500\u2500\u2500\u2500\u2500\u2500\u2500\u2500\u2500\u2500\u2500\u2500\u2500\u2500\u2500\u2500\u2500\u2500\u2500\u2500\u2500\u2500\u2500\u2500\u2500\u2500 *\/\n.rbg-contacto .contact-wa { display: flex !important; align-items: center; justify-content: center; gap: .5rem; margin-top: 1.5rem; padding: 1rem 2rem !important; background: #F2B9C4 !important; color: #514435 !important; border-radius: 9999px !important; font-family: 'Poppins', sans-serif !important; font-size: .875rem !important; font-weight: 600 !important; letter-spacing: .03em; text-decoration: none !important; transition: opacity 150ms ease; border: none !important; }\n.rbg-contacto .contact-wa:hover { opacity: .85; color: #514435 !important; }\n.rbg-contacto .contact-wa svg { width: 18px; height: 18px; flex-shrink: 0; }\n\n\/* \u2500\u2500 MAP \u2500\u2500\u2500\u2500\u2500\u2500\u2500\u2500\u2500\u2500\u2500\u2500\u2500\u2500\u2500\u2500\u2500\u2500\u2500\u2500\u2500\u2500\u2500\u2500\u2500\u2500\u2500\u2500\u2500\u2500\u2500\u2500\u2500\u2500\u2500\u2500\u2500\u2500\u2500\u2500\u2500\u2500\u2500\u2500\u2500\u2500\u2500\u2500\u2500 *\/\n.rbg-contacto .contact-map-col { border-radius: 24px; overflow: hidden; min-height: 400px; }\n@media (max-width: 900px) { .rbg-contacto .contact-map-col { min-height: 260px; } }\n.rbg-contacto .contact-map-col iframe { width: 100%; height: 100%; border: 0; display: block; }\n<\/style>\n\n<div class=\"rbg-contacto\">\n\n<section class=\"contact-hero\">\n  <div class=\"container\">\n    <span class=\"section__eyebrow\">We are here<\/span>\n    <h1>Contact<\/h1>\n    <p>Visit us, call us, or write to us on WhatsApp. We'll be delighted to help you.<\/p>\n  <\/div>\n<\/section>\n\n<section class=\"contact-section\">\n  <div class=\"container\">\n    <div class=\"contact-grid\">\n\n      <div class=\"contact-map-col\">\n        <iframe src=\"https:\/\/www.google.com\/maps\/embed?pb=!1m18!1m12!1m3!1d2910.3977900783752!2d-4.896095089141616!3d36.50909778394034!2m3!1f0!2f0!3f0!3m2!1i1024!2i768!4f13.1!3m3!1m2!1s0xd73299e2f2e7af7%3A0x9f74dfc9c78922c!2sBy%20Glow%20Marbella!5e1!3m2!1ses-419!2ses!4v1777144527496!5m2!1ses-419!2ses\" loading=\"lazy\" referrerpolicy=\"no-referrer-when-downgrade\"><\/iframe>\n      <\/div>\n\n      <aside class=\"contact-info-col\">\n\n        <div class=\"info-item\">\n          <div class=\"info-item__icon\">\n            <svg fill=\"none\" stroke=\"currentColor\" stroke-width=\"1.5\" viewbox=\"0 0 24 24\"><path stroke-linecap=\"round\" stroke-linejoin=\"round\" d=\"M15 10.5a3 3 0 11-6 0 3 3 0 016 0z\"\/><path stroke-linecap=\"round\" stroke-linejoin=\"round\" d=\"M19.5 10.5c0 7.142-7.5 11.25-7.5 11.25S4.5 17.642 4.5 10.5a7.5 7.5 0 1115 0z\"\/><\/svg>\n          <\/div>\n          <div>\n            <p class=\"info-item__label\">Address<\/p>\n            <p>C. Pablo Casals, 3<br>29602 Marbella, M\u00e1laga<\/p>\n          <\/div>\n        <\/div>\n\n        <div class=\"info-item\">\n          <div class=\"info-item__icon\">\n            <svg fill=\"none\" stroke=\"currentColor\" stroke-width=\"1.5\" viewbox=\"0 0 24 24\"><path stroke-linecap=\"round\" stroke-linejoin=\"round\" d=\"M2.25 6.75c0 8.284 6.716 15 15 15h2.25a2.25 2.25 0 002.25-2.25v-1.372c0-.516-.351-.966-.852-1.091l-4.423-1.106c-.44-.11-.902.055-1.173.417l-.97 1.293c-.282.376-.769.542-1.21.38a12.035 12.035 0 01-7.143-7.143c-.162-.441.004-.928.38-1.21l1.293-.97c.363-.271.527-.734.417-1.173L6.963 3.102a1.125 1.125 0 00-1.091-.852H4.5A2.25 2.25 0 002.25 4.5v2.25z\"\/><\/svg>\n          <\/div>\n          <div>\n            <p class=\"info-item__label\">Telephone<\/p>\n            <p><a href=\"tel:+34699732239\">+34 699 732 239<\/a><\/p>\n          <\/div>\n        <\/div>\n\n        <div class=\"info-item\">\n          <div class=\"info-item__icon\">\n            <svg fill=\"none\" stroke=\"currentColor\" stroke-width=\"1.5\" viewbox=\"0 0 24 24\"><path stroke-linecap=\"round\" stroke-linejoin=\"round\" d=\"M21.75 6.75v10.5a2.25 2.25 0 01-2.25 2.25h-15a2.25 2.25 0 01-2.25-2.25V6.75m19.5 0A2.25 2.25 0 0019.5 4.5h-15a2.25 2.25 0 00-2.25 2.25m19.5 0v.243a2.25 2.25 0 01-1.07 1.916l-7.5 4.615a2.25 2.25 0 01-2.36 0L3.32 8.91a2.25 2.25 0 01-1.07-1.916V6.75\"\/><\/svg>\n          <\/div>\n          <div>\n            <p class=\"info-item__label\">Email<\/p>\n            <p><a href=\"mailto:marbella@ritualsbyglow.com\">marbella@ritualsbyglow.com<\/a><\/p>\n          <\/div>\n        <\/div>\n\n        <div class=\"info-item\">\n          <div class=\"info-item__icon\">\n            <svg fill=\"none\" stroke=\"currentColor\" stroke-width=\"1.5\" viewbox=\"0 0 24 24\"><path stroke-linecap=\"round\" stroke-linejoin=\"round\" d=\"M12 6v6h4.5m4.5 0a9 9 0 11-18 0 9 9 0 0118 0z\"\/><\/svg>\n          <\/div>\n          <div>\n            <p class=\"info-item__label\">Opening hours<\/p>\n            <p>\n              Mon\u2013Wed 10:00 \u2014 19:00<br>\n              Thu\u2013Sat 11:00 \u2014 20:00<br>\n              Dom and Lun \u2014 closed\n            <\/p>\n          <\/div>\n        <\/div>\n\n        <a href=\"https:\/\/wa.me\/34699732239?text=Hola%20Rituals%20By%20Glow%20Marbella%20necesito%20m%C3%A1s%20informaci%C3%B3n%20sobre%20sus%20servicios.\" class=\"contact-wa\" target=\"_blank\" rel=\"noopener\">\n          <svg fill=\"currentColor\" viewbox=\"0 0 24 24\" aria-hidden=\"true\"><path d=\"M17.472 14.382c-.297-.149-1.758-.867-2.03-.967-.273-.099-.471-.148-.67.15-.197.297-.767.966-.94 1.164-.173.199-.347.223-.644.075-.297-.15-1.255-.463-2.39-1.475-.883-.788-1.48-1.761-1.653-2.059-.173-.297-.018-.458.13-.606.134-.133.298-.347.446-.52.149-.174.198-.298.298-.497.099-.198.05-.371-.025-.52-.075-.149-.669-1.612-.916-2.207-.242-.579-.487-.5-.669-.51-.173-.008-.371-.01-.57-.01-.198 0-.52.074-.792.372-.272.297-1.04 1.016-1.04 2.479 0 1.462 1.065 2.875 1.213 3.074.149.198 2.096 3.2 5.077 4.487.709.306 1.262.489 1.694.625.712.227 1.36.195 1.871.118.571-.085 1.758-.719 2.006-1.413.248-.694.248-1.289.173-1.413-.074-.124-.272-.198-.57-.347m-5.421 7.403h-.004a9.87 9.87 0 0 1-5.031-1.378l-.361-.214-3.741.982.998-3.648-.235-.374a9.86 9.86 0 0 1-1.51-5.26c.001-5.45 4.436-9.884 9.888-9.884 2.64 0 5.122 1.03 6.988 2.898a9.825 9.825 0 0 1 2.893 6.994c-.003 5.45-4.437 9.884-9.885 9.884m8.413-18.297A11.815 11.815 0 0 0 12.05 0C5.495 0 .16 5.335.157 11.892c0 2.096.547 4.142 1.588 5.945L.057 24l6.305-1.654a11.882 11.882 0 0 0 5.683 1.448h.005c6.554 0 11.89-5.335 11.893-11.893a11.821 11.821 0 0 0-3.48-8.413z\"\/><\/svg>\n          Write to us on WhatsApp\n        <\/a>\n\n      <\/aside>\n\n    <\/div>\n  <\/div>\n<\/section>\n\n<\/div>\n\t\t\t\t<\/div>\n\t\t\t\t<\/div>\n\t\t\t\t<\/div>","protected":false},"excerpt":{"rendered":"<p>Estamos aqu\u00ed Contacto Vis\u00edtanos, ll\u00e1manos o escr\u00edbenos por WhatsApp. Estaremos encantadas de atenderte. Direcci\u00f3n C. Pablo Casals, 329602 Marbella, M\u00e1laga Tel\u00e9fono +34 699 732 239 Email marbella@ritualsbyglow.com Horarios Mar\u2013Mi\u00e9 &nbsp;10:00 \u2014 19:00 Jue\u2013S\u00e1b &nbsp;11:00 \u2014 20:00 Dom y Lun \u2014 cerrado Escr\u00edbenos por WhatsApp<\/p>","protected":false},"author":1,"featured_media":373,"parent":0,"menu_order":0,"comment_status":"closed","ping_status":"closed","template":"","meta":{"footnotes":""},"class_list":["post-84","page","type-page","status-publish","has-post-thumbnail","hentry"],"yoast_head":"<!-- This site is optimized with the Yoast SEO plugin v27.5 - https:\/\/yoast.com\/product\/yoast-seo-wordpress\/ -->\n<title>Contacto Rituals By Glow Marbella | Tel\u00e9fono, Horario, Ubicaci\u00f3n<\/title>\n<meta name=\"description\" content=\"Contacto Rituals By Glow en Marbella. Aqu\u00ed encontrar\u00e1s nuestro tel\u00e9fono, email, horario y mapa para llegar. \u00a1Reserva tu cita!\" \/>\n<meta name=\"robots\" content=\"index, follow, max-snippet:-1, max-image-preview:large, max-video-preview:-1\" \/>\n<link rel=\"canonical\" href=\"https:\/\/marbella.ritualsbyglow.com\/en\/contacto-rituals-by-glow-marbella\/\" \/>\n<meta property=\"og:locale\" content=\"en_GB\" \/>\n<meta property=\"og:type\" content=\"article\" \/>\n<meta property=\"og:title\" content=\"Contacto Rituals By Glow Marbella | Tel\u00e9fono, Horario, Ubicaci\u00f3n\" \/>\n<meta property=\"og:description\" content=\"Contacto Rituals By Glow en Marbella. Aqu\u00ed encontrar\u00e1s nuestro tel\u00e9fono, email, horario y mapa para llegar. \u00a1Reserva tu cita!\" \/>\n<meta property=\"og:url\" content=\"https:\/\/marbella.ritualsbyglow.com\/en\/contacto-rituals-by-glow-marbella\/\" \/>\n<meta property=\"og:site_name\" content=\"Rituals By Glow Marbella\" \/>\n<meta property=\"article:publisher\" content=\"https:\/\/www.facebook.com\/glowoficial.es\" \/>\n<meta property=\"article:modified_time\" content=\"2026-05-08T14:47:21+00:00\" \/>\n<meta property=\"og:image\" content=\"https:\/\/marbella.ritualsbyglow.com\/wp-content\/uploads\/2026\/05\/reset_head_spa_rituals_by_glow-2.webp\" \/>\n\t<meta property=\"og:image:width\" content=\"800\" \/>\n\t<meta property=\"og:image:height\" content=\"533\" \/>\n\t<meta property=\"og:image:type\" content=\"image\/webp\" \/>\n<meta name=\"twitter:card\" content=\"summary_large_image\" \/>\n<meta name=\"twitter:label1\" content=\"Estimated reading time\" \/>\n\t<meta name=\"twitter:data1\" content=\"3 minutes\" \/>\n<script type=\"application\/ld+json\" class=\"yoast-schema-graph\">{\"@context\":\"https:\\\/\\\/schema.org\",\"@graph\":[{\"@type\":\"WebPage\",\"@id\":\"https:\\\/\\\/marbella.ritualsbyglow.com\\\/contacto-rituals-by-glow-marbella\\\/\",\"url\":\"https:\\\/\\\/marbella.ritualsbyglow.com\\\/contacto-rituals-by-glow-marbella\\\/\",\"name\":\"Contacto Rituals By Glow Marbella | Tel\u00e9fono, Horario, Ubicaci\u00f3n\",\"isPartOf\":{\"@id\":\"https:\\\/\\\/marbella.ritualsbyglow.com\\\/#website\"},\"primaryImageOfPage\":{\"@id\":\"https:\\\/\\\/marbella.ritualsbyglow.com\\\/contacto-rituals-by-glow-marbella\\\/#primaryimage\"},\"image\":{\"@id\":\"https:\\\/\\\/marbella.ritualsbyglow.com\\\/contacto-rituals-by-glow-marbella\\\/#primaryimage\"},\"thumbnailUrl\":\"https:\\\/\\\/marbella.ritualsbyglow.com\\\/wp-content\\\/uploads\\\/2026\\\/05\\\/reset_head_spa_rituals_by_glow-2.webp\",\"datePublished\":\"2026-05-02T12:39:22+00:00\",\"dateModified\":\"2026-05-08T14:47:21+00:00\",\"description\":\"Contacto Rituals By Glow en Marbella. Aqu\u00ed encontrar\u00e1s nuestro tel\u00e9fono, email, horario y mapa para llegar. \u00a1Reserva tu cita!\",\"breadcrumb\":{\"@id\":\"https:\\\/\\\/marbella.ritualsbyglow.com\\\/contacto-rituals-by-glow-marbella\\\/#breadcrumb\"},\"inLanguage\":\"en-GB\",\"potentialAction\":[{\"@type\":\"ReadAction\",\"target\":[\"https:\\\/\\\/marbella.ritualsbyglow.com\\\/contacto-rituals-by-glow-marbella\\\/\"]}]},{\"@type\":\"ImageObject\",\"inLanguage\":\"en-GB\",\"@id\":\"https:\\\/\\\/marbella.ritualsbyglow.com\\\/contacto-rituals-by-glow-marbella\\\/#primaryimage\",\"url\":\"https:\\\/\\\/marbella.ritualsbyglow.com\\\/wp-content\\\/uploads\\\/2026\\\/05\\\/reset_head_spa_rituals_by_glow-2.webp\",\"contentUrl\":\"https:\\\/\\\/marbella.ritualsbyglow.com\\\/wp-content\\\/uploads\\\/2026\\\/05\\\/reset_head_spa_rituals_by_glow-2.webp\",\"width\":800,\"height\":533,\"caption\":\"Contacto Rituals By Glow Marbella\"},{\"@type\":\"BreadcrumbList\",\"@id\":\"https:\\\/\\\/marbella.ritualsbyglow.com\\\/contacto-rituals-by-glow-marbella\\\/#breadcrumb\",\"itemListElement\":[{\"@type\":\"ListItem\",\"position\":1,\"name\":\"Portada\",\"item\":\"https:\\\/\\\/marbella.ritualsbyglow.com\\\/\"},{\"@type\":\"ListItem\",\"position\":2,\"name\":\"Contacto\"}]},{\"@type\":\"WebSite\",\"@id\":\"https:\\\/\\\/marbella.ritualsbyglow.com\\\/#website\",\"url\":\"https:\\\/\\\/marbella.ritualsbyglow.com\\\/\",\"name\":\"Rituals By Glow Marbella\",\"description\":\"Head Spa, Masajes Coporales, Spa Capilares y Faciales en Marbella\",\"publisher\":{\"@id\":\"https:\\\/\\\/marbella.ritualsbyglow.com\\\/#organization\"},\"potentialAction\":[{\"@type\":\"SearchAction\",\"target\":{\"@type\":\"EntryPoint\",\"urlTemplate\":\"https:\\\/\\\/marbella.ritualsbyglow.com\\\/?s={search_term_string}\"},\"query-input\":{\"@type\":\"PropertyValueSpecification\",\"valueRequired\":true,\"valueName\":\"search_term_string\"}}],\"inLanguage\":\"en-GB\"},{\"@type\":\"Organization\",\"@id\":\"https:\\\/\\\/marbella.ritualsbyglow.com\\\/#organization\",\"name\":\"Rituals By Glow Marbella\",\"url\":\"https:\\\/\\\/marbella.ritualsbyglow.com\\\/\",\"logo\":{\"@type\":\"ImageObject\",\"inLanguage\":\"en-GB\",\"@id\":\"https:\\\/\\\/marbella.ritualsbyglow.com\\\/#\\\/schema\\\/logo\\\/image\\\/\",\"url\":\"https:\\\/\\\/marbella.ritualsbyglow.com\\\/wp-content\\\/uploads\\\/2026\\\/05\\\/rituals-logo-dark-800w.png\",\"contentUrl\":\"https:\\\/\\\/marbella.ritualsbyglow.com\\\/wp-content\\\/uploads\\\/2026\\\/05\\\/rituals-logo-dark-800w.png\",\"width\":800,\"height\":333,\"caption\":\"Rituals By Glow Marbella\"},\"image\":{\"@id\":\"https:\\\/\\\/marbella.ritualsbyglow.com\\\/#\\\/schema\\\/logo\\\/image\\\/\"},\"sameAs\":[\"https:\\\/\\\/www.facebook.com\\\/glowoficial.es\",\"https:\\\/\\\/www.instagram.com\\\/glowoficial.es\",\"https:\\\/\\\/tiktok.com\\\/@glowoficial.es\"]}]}<\/script>\n<!-- \/ Yoast SEO plugin. -->","yoast_head_json":{"title":"Contacto Rituals By Glow Marbella | Tel\u00e9fono, Horario, Ubicaci\u00f3n","description":"Contacto Rituals By Glow en Marbella. Aqu\u00ed encontrar\u00e1s nuestro tel\u00e9fono, email, horario y mapa para llegar. \u00a1Reserva tu cita!","robots":{"index":"index","follow":"follow","max-snippet":"max-snippet:-1","max-image-preview":"max-image-preview:large","max-video-preview":"max-video-preview:-1"},"canonical":"https:\/\/marbella.ritualsbyglow.com\/en\/contacto-rituals-by-glow-marbella\/","og_locale":"en_GB","og_type":"article","og_title":"Contacto Rituals By Glow Marbella | Tel\u00e9fono, Horario, Ubicaci\u00f3n","og_description":"Contacto Rituals By Glow en Marbella. Aqu\u00ed encontrar\u00e1s nuestro tel\u00e9fono, email, horario y mapa para llegar. \u00a1Reserva tu cita!","og_url":"https:\/\/marbella.ritualsbyglow.com\/en\/contacto-rituals-by-glow-marbella\/","og_site_name":"Rituals By Glow Marbella","article_publisher":"https:\/\/www.facebook.com\/glowoficial.es","article_modified_time":"2026-05-08T14:47:21+00:00","og_image":[{"width":800,"height":533,"url":"https:\/\/marbella.ritualsbyglow.com\/wp-content\/uploads\/2026\/05\/reset_head_spa_rituals_by_glow-2.webp","type":"image\/webp"}],"twitter_card":"summary_large_image","twitter_misc":{"Estimated reading time":"3 minutes"},"schema":{"@context":"https:\/\/schema.org","@graph":[{"@type":"WebPage","@id":"https:\/\/marbella.ritualsbyglow.com\/contacto-rituals-by-glow-marbella\/","url":"https:\/\/marbella.ritualsbyglow.com\/contacto-rituals-by-glow-marbella\/","name":"Contacto Rituals By Glow Marbella | Tel\u00e9fono, Horario, Ubicaci\u00f3n","isPartOf":{"@id":"https:\/\/marbella.ritualsbyglow.com\/#website"},"primaryImageOfPage":{"@id":"https:\/\/marbella.ritualsbyglow.com\/contacto-rituals-by-glow-marbella\/#primaryimage"},"image":{"@id":"https:\/\/marbella.ritualsbyglow.com\/contacto-rituals-by-glow-marbella\/#primaryimage"},"thumbnailUrl":"https:\/\/marbella.ritualsbyglow.com\/wp-content\/uploads\/2026\/05\/reset_head_spa_rituals_by_glow-2.webp","datePublished":"2026-05-02T12:39:22+00:00","dateModified":"2026-05-08T14:47:21+00:00","description":"Contacto Rituals By Glow en Marbella. Aqu\u00ed encontrar\u00e1s nuestro tel\u00e9fono, email, horario y mapa para llegar. \u00a1Reserva tu cita!","breadcrumb":{"@id":"https:\/\/marbella.ritualsbyglow.com\/contacto-rituals-by-glow-marbella\/#breadcrumb"},"inLanguage":"en-GB","potentialAction":[{"@type":"ReadAction","target":["https:\/\/marbella.ritualsbyglow.com\/contacto-rituals-by-glow-marbella\/"]}]},{"@type":"ImageObject","inLanguage":"en-GB","@id":"https:\/\/marbella.ritualsbyglow.com\/contacto-rituals-by-glow-marbella\/#primaryimage","url":"https:\/\/marbella.ritualsbyglow.com\/wp-content\/uploads\/2026\/05\/reset_head_spa_rituals_by_glow-2.webp","contentUrl":"https:\/\/marbella.ritualsbyglow.com\/wp-content\/uploads\/2026\/05\/reset_head_spa_rituals_by_glow-2.webp","width":800,"height":533,"caption":"Contacto Rituals By Glow Marbella"},{"@type":"BreadcrumbList","@id":"https:\/\/marbella.ritualsbyglow.com\/contacto-rituals-by-glow-marbella\/#breadcrumb","itemListElement":[{"@type":"ListItem","position":1,"name":"Portada","item":"https:\/\/marbella.ritualsbyglow.com\/"},{"@type":"ListItem","position":2,"name":"Contacto"}]},{"@type":"WebSite","@id":"https:\/\/marbella.ritualsbyglow.com\/#website","url":"https:\/\/marbella.ritualsbyglow.com\/","name":"Rituals By Glow Marbella","description":"Head Spa, Masajes Coporales, Spa Capilares y Faciales en Marbella","publisher":{"@id":"https:\/\/marbella.ritualsbyglow.com\/#organization"},"potentialAction":[{"@type":"SearchAction","target":{"@type":"EntryPoint","urlTemplate":"https:\/\/marbella.ritualsbyglow.com\/?s={search_term_string}"},"query-input":{"@type":"PropertyValueSpecification","valueRequired":true,"valueName":"search_term_string"}}],"inLanguage":"en-GB"},{"@type":"Organization","@id":"https:\/\/marbella.ritualsbyglow.com\/#organization","name":"Rituals By Glow Marbella","url":"https:\/\/marbella.ritualsbyglow.com\/","logo":{"@type":"ImageObject","inLanguage":"en-GB","@id":"https:\/\/marbella.ritualsbyglow.com\/#\/schema\/logo\/image\/","url":"https:\/\/marbella.ritualsbyglow.com\/wp-content\/uploads\/2026\/05\/rituals-logo-dark-800w.png","contentUrl":"https:\/\/marbella.ritualsbyglow.com\/wp-content\/uploads\/2026\/05\/rituals-logo-dark-800w.png","width":800,"height":333,"caption":"Rituals By Glow Marbella"},"image":{"@id":"https:\/\/marbella.ritualsbyglow.com\/#\/schema\/logo\/image\/"},"sameAs":["https:\/\/www.facebook.com\/glowoficial.es","https:\/\/www.instagram.com\/glowoficial.es","https:\/\/tiktok.com\/@glowoficial.es"]}]}},"_links":{"self":[{"href":"https:\/\/marbella.ritualsbyglow.com\/en\/wp-json\/wp\/v2\/pages\/84","targetHints":{"allow":["GET"]}}],"collection":[{"href":"https:\/\/marbella.ritualsbyglow.com\/en\/wp-json\/wp\/v2\/pages"}],"about":[{"href":"https:\/\/marbella.ritualsbyglow.com\/en\/wp-json\/wp\/v2\/types\/page"}],"author":[{"embeddable":true,"href":"https:\/\/marbella.ritualsbyglow.com\/en\/wp-json\/wp\/v2\/users\/1"}],"replies":[{"embeddable":true,"href":"https:\/\/marbella.ritualsbyglow.com\/en\/wp-json\/wp\/v2\/comments?post=84"}],"version-history":[{"count":16,"href":"https:\/\/marbella.ritualsbyglow.com\/en\/wp-json\/wp\/v2\/pages\/84\/revisions"}],"predecessor-version":[{"id":649,"href":"https:\/\/marbella.ritualsbyglow.com\/en\/wp-json\/wp\/v2\/pages\/84\/revisions\/649"}],"wp:featuredmedia":[{"embeddable":true,"href":"https:\/\/marbella.ritualsbyglow.com\/en\/wp-json\/wp\/v2\/media\/373"}],"wp:attachment":[{"href":"https:\/\/marbella.ritualsbyglow.com\/en\/wp-json\/wp\/v2\/media?parent=84"}],"curies":[{"name":"wp","href":"https:\/\/api.w.org\/{rel}","templated":true}]}}