{"id":248,"date":"2026-05-03T23:43:20","date_gmt":"2026-05-03T21:43:20","guid":{"rendered":"https:\/\/marbella.ritualsbyglow.com\/?post_type=product&#038;p=248"},"modified":"2026-05-04T09:57:15","modified_gmt":"2026-05-04T07:57:15","slug":"reflexologia-podal-tarjeta-regalo-marbella","status":"publish","type":"product","link":"https:\/\/marbella.ritualsbyglow.com\/en\/product\/reflexologia-podal-tarjeta-regalo-marbella\/","title":{"rendered":"Reflexologia Podal Tarjeta Regalo"},"content":{"rendered":"<ul class=\"rbg-list\">\n<li>Ancestral therapy applied to the reflex points of the feet.<\/li>\n<li>Precise pressure to stimulate vital organs and release stress.<\/li>\n<li>Use of essential oils and a sensory environment.<\/li>\n<li>Ideal for chronic stress, insomnia, digestive issues, or those seeking deep balance.<\/li>\n<\/ul>\n<div class=\"rbg-actions\">\u00a0 \u00a0 \u00a0 \u00a060min<\/div>","protected":false},"excerpt":{"rendered":"<p>Terapia ancestral aplicada a los puntos reflejos de los pies. Presiones precisas para estimular \u00f3rganos vitales y liberar estr\u00e9s. Uso de aceites esenciales y ambiente sensorial. Ideal para estr\u00e9s cr\u00f3nico, insomnio, dolores digestivos o quienes buscan un equilibrio profundo. \u00a0 \u00a0 \u00a0 \u00a060min<\/p>","protected":false},"featured_media":208,"comment_status":"open","ping_status":"closed","template":"","meta":[],"product_brand":[],"product_cat":[22],"product_tag":[],"class_list":{"0":"post-248","1":"product","2":"type-product","3":"status-publish","4":"has-post-thumbnail","6":"product_cat-tarjeta-regalo-corporales","8":"first","9":"instock","10":"shipping-taxable","11":"purchasable","12":"product-type-simple"},"yoast_head":"<!-- This site is optimized with the Yoast SEO plugin v27.5 - https:\/\/yoast.com\/product\/yoast-seo-wordpress\/ -->\n<title>Tarjeta Regalo Reflexolog\u00eda Podal Marbella | Rituals Glow<\/title>\n<meta name=\"description\" content=\"Regala reflexolog\u00eda podal en Marbella desde 80\u20ac. Terapia ancestral para el estr\u00e9s, insomnio y equilibrio profundo. \u00a1Reserva ya!\" \/>\n<meta name=\"robots\" content=\"index, follow, max-snippet:-1, max-image-preview:large, max-video-preview:-1\" \/>\n<link rel=\"canonical\" href=\"https:\/\/marbella.ritualsbyglow.com\/en\/product\/reflexologia-podal-tarjeta-regalo-marbella\/\" \/>\n<meta property=\"og:locale\" content=\"en_GB\" \/>\n<meta property=\"og:type\" content=\"article\" \/>\n<meta property=\"og:title\" content=\"Tarjeta Regalo Reflexolog\u00eda Podal Marbella | Rituals Glow\" \/>\n<meta property=\"og:description\" content=\"Regala reflexolog\u00eda podal en Marbella desde 80\u20ac. Terapia ancestral para el estr\u00e9s, insomnio y equilibrio profundo. \u00a1Reserva ya!\" \/>\n<meta property=\"og:url\" content=\"https:\/\/marbella.ritualsbyglow.com\/en\/product\/reflexologia-podal-tarjeta-regalo-marbella\/\" \/>\n<meta property=\"og:site_name\" content=\"Rituals By Glow Marbella\" \/>\n<meta property=\"article:publisher\" content=\"https:\/\/www.facebook.com\/glowoficial.es\" \/>\n<meta property=\"article:modified_time\" content=\"2026-05-04T07:57:15+00:00\" \/>\n<meta property=\"og:image\" content=\"https:\/\/marbella.ritualsbyglow.com\/wp-content\/uploads\/2026\/05\/reflexologia-podal.webp\" \/>\n\t<meta property=\"og:image:width\" content=\"1254\" \/>\n\t<meta property=\"og:image:height\" content=\"1254\" \/>\n\t<meta property=\"og:image:type\" content=\"image\/webp\" \/>\n<meta name=\"twitter:card\" content=\"summary_large_image\" \/>\n<meta name=\"twitter:label1\" content=\"Estimated reading time\" \/>\n\t<meta name=\"twitter:data1\" content=\"1 minute\" \/>\n<script type=\"application\/ld+json\" class=\"yoast-schema-graph\">{\"@context\":\"https:\\\/\\\/schema.org\",\"@graph\":[{\"@type\":\"WebPage\",\"@id\":\"https:\\\/\\\/marbella.ritualsbyglow.com\\\/producto\\\/reflexologia-podal-tarjeta-regalo-marbella\\\/\",\"url\":\"https:\\\/\\\/marbella.ritualsbyglow.com\\\/producto\\\/reflexologia-podal-tarjeta-regalo-marbella\\\/\",\"name\":\"Tarjeta Regalo Reflexolog\u00eda Podal Marbella | Rituals Glow\",\"isPartOf\":{\"@id\":\"https:\\\/\\\/marbella.ritualsbyglow.com\\\/#website\"},\"primaryImageOfPage\":{\"@id\":\"https:\\\/\\\/marbella.ritualsbyglow.com\\\/producto\\\/reflexologia-podal-tarjeta-regalo-marbella\\\/#primaryimage\"},\"image\":{\"@id\":\"https:\\\/\\\/marbella.ritualsbyglow.com\\\/producto\\\/reflexologia-podal-tarjeta-regalo-marbella\\\/#primaryimage\"},\"thumbnailUrl\":\"https:\\\/\\\/marbella.ritualsbyglow.com\\\/wp-content\\\/uploads\\\/2026\\\/05\\\/reflexologia-podal.webp\",\"datePublished\":\"2026-05-03T21:43:20+00:00\",\"dateModified\":\"2026-05-04T07:57:15+00:00\",\"description\":\"Regala reflexolog\u00eda podal en Marbella desde 80\u20ac. Terapia ancestral para el estr\u00e9s, insomnio y equilibrio profundo. \u00a1Reserva ya!\",\"breadcrumb\":{\"@id\":\"https:\\\/\\\/marbella.ritualsbyglow.com\\\/producto\\\/reflexologia-podal-tarjeta-regalo-marbella\\\/#breadcrumb\"},\"inLanguage\":\"en-GB\",\"potentialAction\":[{\"@type\":\"ReadAction\",\"target\":[\"https:\\\/\\\/marbella.ritualsbyglow.com\\\/producto\\\/reflexologia-podal-tarjeta-regalo-marbella\\\/\"]}]},{\"@type\":\"ImageObject\",\"inLanguage\":\"en-GB\",\"@id\":\"https:\\\/\\\/marbella.ritualsbyglow.com\\\/producto\\\/reflexologia-podal-tarjeta-regalo-marbella\\\/#primaryimage\",\"url\":\"https:\\\/\\\/marbella.ritualsbyglow.com\\\/wp-content\\\/uploads\\\/2026\\\/05\\\/reflexologia-podal.webp\",\"contentUrl\":\"https:\\\/\\\/marbella.ritualsbyglow.com\\\/wp-content\\\/uploads\\\/2026\\\/05\\\/reflexologia-podal.webp\",\"width\":1254,\"height\":1254,\"caption\":\"reflexologia-podal\"},{\"@type\":\"BreadcrumbList\",\"@id\":\"https:\\\/\\\/marbella.ritualsbyglow.com\\\/producto\\\/reflexologia-podal-tarjeta-regalo-marbella\\\/#breadcrumb\",\"itemListElement\":[{\"@type\":\"ListItem\",\"position\":1,\"name\":\"Portada\",\"item\":\"https:\\\/\\\/marbella.ritualsbyglow.com\\\/\"},{\"@type\":\"ListItem\",\"position\":2,\"name\":\"Tienda\",\"item\":\"https:\\\/\\\/marbella.ritualsbyglow.com\\\/tienda\\\/\"},{\"@type\":\"ListItem\",\"position\":3,\"name\":\"Reflexologia Podal Tarjeta Regalo\"}]},{\"@type\":\"WebSite\",\"@id\":\"https:\\\/\\\/marbella.ritualsbyglow.com\\\/#website\",\"url\":\"https:\\\/\\\/marbella.ritualsbyglow.com\\\/\",\"name\":\"Rituals By Glow Marbella\",\"description\":\"Head Spa, Masajes Coporales, Spa Capilares y Faciales en Marbella\",\"publisher\":{\"@id\":\"https:\\\/\\\/marbella.ritualsbyglow.com\\\/#organization\"},\"potentialAction\":[{\"@type\":\"SearchAction\",\"target\":{\"@type\":\"EntryPoint\",\"urlTemplate\":\"https:\\\/\\\/marbella.ritualsbyglow.com\\\/?s={search_term_string}\"},\"query-input\":{\"@type\":\"PropertyValueSpecification\",\"valueRequired\":true,\"valueName\":\"search_term_string\"}}],\"inLanguage\":\"en-GB\"},{\"@type\":\"Organization\",\"@id\":\"https:\\\/\\\/marbella.ritualsbyglow.com\\\/#organization\",\"name\":\"Rituals By Glow Marbella\",\"url\":\"https:\\\/\\\/marbella.ritualsbyglow.com\\\/\",\"logo\":{\"@type\":\"ImageObject\",\"inLanguage\":\"en-GB\",\"@id\":\"https:\\\/\\\/marbella.ritualsbyglow.com\\\/#\\\/schema\\\/logo\\\/image\\\/\",\"url\":\"https:\\\/\\\/marbella.ritualsbyglow.com\\\/wp-content\\\/uploads\\\/2026\\\/05\\\/rituals-logo-dark-800w.png\",\"contentUrl\":\"https:\\\/\\\/marbella.ritualsbyglow.com\\\/wp-content\\\/uploads\\\/2026\\\/05\\\/rituals-logo-dark-800w.png\",\"width\":800,\"height\":333,\"caption\":\"Rituals By Glow Marbella\"},\"image\":{\"@id\":\"https:\\\/\\\/marbella.ritualsbyglow.com\\\/#\\\/schema\\\/logo\\\/image\\\/\"},\"sameAs\":[\"https:\\\/\\\/www.facebook.com\\\/glowoficial.es\",\"https:\\\/\\\/www.instagram.com\\\/glowoficial.es\",\"https:\\\/\\\/tiktok.com\\\/@glowoficial.es\"]}]}<\/script>\n<!-- \/ Yoast SEO plugin. -->","yoast_head_json":{"title":"Tarjeta Regalo Reflexolog\u00eda Podal Marbella | Rituals Glow","description":"Regala reflexolog\u00eda podal en Marbella desde 80\u20ac. Terapia ancestral para el estr\u00e9s, insomnio y equilibrio profundo. \u00a1Reserva ya!","robots":{"index":"index","follow":"follow","max-snippet":"max-snippet:-1","max-image-preview":"max-image-preview:large","max-video-preview":"max-video-preview:-1"},"canonical":"https:\/\/marbella.ritualsbyglow.com\/en\/product\/reflexologia-podal-tarjeta-regalo-marbella\/","og_locale":"en_GB","og_type":"article","og_title":"Tarjeta Regalo Reflexolog\u00eda Podal Marbella | Rituals Glow","og_description":"Regala reflexolog\u00eda podal en Marbella desde 80\u20ac. Terapia ancestral para el estr\u00e9s, insomnio y equilibrio profundo. \u00a1Reserva ya!","og_url":"https:\/\/marbella.ritualsbyglow.com\/en\/product\/reflexologia-podal-tarjeta-regalo-marbella\/","og_site_name":"Rituals By Glow Marbella","article_publisher":"https:\/\/www.facebook.com\/glowoficial.es","article_modified_time":"2026-05-04T07:57:15+00:00","og_image":[{"width":1254,"height":1254,"url":"https:\/\/marbella.ritualsbyglow.com\/wp-content\/uploads\/2026\/05\/reflexologia-podal.webp","type":"image\/webp"}],"twitter_card":"summary_large_image","twitter_misc":{"Estimated reading time":"1 minute"},"schema":{"@context":"https:\/\/schema.org","@graph":[{"@type":"WebPage","@id":"https:\/\/marbella.ritualsbyglow.com\/producto\/reflexologia-podal-tarjeta-regalo-marbella\/","url":"https:\/\/marbella.ritualsbyglow.com\/producto\/reflexologia-podal-tarjeta-regalo-marbella\/","name":"Tarjeta Regalo Reflexolog\u00eda Podal Marbella | Rituals Glow","isPartOf":{"@id":"https:\/\/marbella.ritualsbyglow.com\/#website"},"primaryImageOfPage":{"@id":"https:\/\/marbella.ritualsbyglow.com\/producto\/reflexologia-podal-tarjeta-regalo-marbella\/#primaryimage"},"image":{"@id":"https:\/\/marbella.ritualsbyglow.com\/producto\/reflexologia-podal-tarjeta-regalo-marbella\/#primaryimage"},"thumbnailUrl":"https:\/\/marbella.ritualsbyglow.com\/wp-content\/uploads\/2026\/05\/reflexologia-podal.webp","datePublished":"2026-05-03T21:43:20+00:00","dateModified":"2026-05-04T07:57:15+00:00","description":"Regala reflexolog\u00eda podal en Marbella desde 80\u20ac. Terapia ancestral para el estr\u00e9s, insomnio y equilibrio profundo. \u00a1Reserva ya!","breadcrumb":{"@id":"https:\/\/marbella.ritualsbyglow.com\/producto\/reflexologia-podal-tarjeta-regalo-marbella\/#breadcrumb"},"inLanguage":"en-GB","potentialAction":[{"@type":"ReadAction","target":["https:\/\/marbella.ritualsbyglow.com\/producto\/reflexologia-podal-tarjeta-regalo-marbella\/"]}]},{"@type":"ImageObject","inLanguage":"en-GB","@id":"https:\/\/marbella.ritualsbyglow.com\/producto\/reflexologia-podal-tarjeta-regalo-marbella\/#primaryimage","url":"https:\/\/marbella.ritualsbyglow.com\/wp-content\/uploads\/2026\/05\/reflexologia-podal.webp","contentUrl":"https:\/\/marbella.ritualsbyglow.com\/wp-content\/uploads\/2026\/05\/reflexologia-podal.webp","width":1254,"height":1254,"caption":"reflexologia-podal"},{"@type":"BreadcrumbList","@id":"https:\/\/marbella.ritualsbyglow.com\/producto\/reflexologia-podal-tarjeta-regalo-marbella\/#breadcrumb","itemListElement":[{"@type":"ListItem","position":1,"name":"Portada","item":"https:\/\/marbella.ritualsbyglow.com\/"},{"@type":"ListItem","position":2,"name":"Tienda","item":"https:\/\/marbella.ritualsbyglow.com\/tienda\/"},{"@type":"ListItem","position":3,"name":"Reflexologia Podal Tarjeta Regalo"}]},{"@type":"WebSite","@id":"https:\/\/marbella.ritualsbyglow.com\/#website","url":"https:\/\/marbella.ritualsbyglow.com\/","name":"Rituals By Glow Marbella","description":"Head Spa, Masajes Coporales, Spa Capilares y Faciales en Marbella","publisher":{"@id":"https:\/\/marbella.ritualsbyglow.com\/#organization"},"potentialAction":[{"@type":"SearchAction","target":{"@type":"EntryPoint","urlTemplate":"https:\/\/marbella.ritualsbyglow.com\/?s={search_term_string}"},"query-input":{"@type":"PropertyValueSpecification","valueRequired":true,"valueName":"search_term_string"}}],"inLanguage":"en-GB"},{"@type":"Organization","@id":"https:\/\/marbella.ritualsbyglow.com\/#organization","name":"Rituals By Glow Marbella","url":"https:\/\/marbella.ritualsbyglow.com\/","logo":{"@type":"ImageObject","inLanguage":"en-GB","@id":"https:\/\/marbella.ritualsbyglow.com\/#\/schema\/logo\/image\/","url":"https:\/\/marbella.ritualsbyglow.com\/wp-content\/uploads\/2026\/05\/rituals-logo-dark-800w.png","contentUrl":"https:\/\/marbella.ritualsbyglow.com\/wp-content\/uploads\/2026\/05\/rituals-logo-dark-800w.png","width":800,"height":333,"caption":"Rituals By Glow Marbella"},"image":{"@id":"https:\/\/marbella.ritualsbyglow.com\/#\/schema\/logo\/image\/"},"sameAs":["https:\/\/www.facebook.com\/glowoficial.es","https:\/\/www.instagram.com\/glowoficial.es","https:\/\/tiktok.com\/@glowoficial.es"]}]}},"_links":{"self":[{"href":"https:\/\/marbella.ritualsbyglow.com\/en\/wp-json\/wp\/v2\/product\/248","targetHints":{"allow":["GET"]}}],"collection":[{"href":"https:\/\/marbella.ritualsbyglow.com\/en\/wp-json\/wp\/v2\/product"}],"about":[{"href":"https:\/\/marbella.ritualsbyglow.com\/en\/wp-json\/wp\/v2\/types\/product"}],"replies":[{"embeddable":true,"href":"https:\/\/marbella.ritualsbyglow.com\/en\/wp-json\/wp\/v2\/comments?post=248"}],"wp:featuredmedia":[{"embeddable":true,"href":"https:\/\/marbella.ritualsbyglow.com\/en\/wp-json\/wp\/v2\/media\/208"}],"wp:attachment":[{"href":"https:\/\/marbella.ritualsbyglow.com\/en\/wp-json\/wp\/v2\/media?parent=248"}],"wp:term":[{"taxonomy":"product_brand","embeddable":true,"href":"https:\/\/marbella.ritualsbyglow.com\/en\/wp-json\/wp\/v2\/product_brand?post=248"},{"taxonomy":"product_cat","embeddable":true,"href":"https:\/\/marbella.ritualsbyglow.com\/en\/wp-json\/wp\/v2\/product_cat?post=248"},{"taxonomy":"product_tag","embeddable":true,"href":"https:\/\/marbella.ritualsbyglow.com\/en\/wp-json\/wp\/v2\/product_tag?post=248"}],"curies":[{"name":"wp","href":"https:\/\/api.w.org\/{rel}","templated":true}]}}