{"id":251,"date":"2026-05-03T23:57:24","date_gmt":"2026-05-03T21:57:24","guid":{"rendered":"https:\/\/marbella.ritualsbyglow.com\/?post_type=product&#038;p=251"},"modified":"2026-05-04T09:58:51","modified_gmt":"2026-05-04T07:58:51","slug":"detox-tarjeta-regalo-marbella","status":"publish","type":"product","link":"https:\/\/marbella.ritualsbyglow.com\/en\/product\/detox-tarjeta-regalo-marbella\/","title":{"rendered":"Detox Tarjeta Regalo"},"content":{"rendered":"<ul class=\"rbg-list\">\n<li>Application of aromatic oil to prepare the skin.<\/li>\n<li>Deep body exfoliation that removes impurities and renews the skin.<\/li>\n<li>Hot towels with a soothing effect.<\/li>\n<li>Firming mud application that provides elasticity and luminosity.<\/li>\n<li>Perfect for those seeking smoother, firmer, and more radiant skin.<\/li>\n<\/ul>\n<p>75min<\/p>","protected":false},"excerpt":{"rendered":"<p>Aplicaci\u00f3n de aceite arom\u00e1tico para preparar la piel. Exfoliaci\u00f3n corporal profunda que elimina impurezas y renueva la piel. Toallas calientes con efecto calmante. Aplicaci\u00f3n de barro reafirmante que aporta elasticidad y luminosidad. Perfecto para quienes buscan una piel m\u00e1s suave, firme y radiante. 75min<\/p>","protected":false},"featured_media":201,"comment_status":"open","ping_status":"closed","template":"","meta":[],"product_brand":[],"product_cat":[22],"product_tag":[],"class_list":{"0":"post-251","1":"product","2":"type-product","3":"status-publish","4":"has-post-thumbnail","6":"product_cat-tarjeta-regalo-corporales","8":"first","9":"instock","10":"shipping-taxable","11":"purchasable","12":"product-type-simple"},"yoast_head":"<!-- This site is optimized with the Yoast SEO plugin v27.5 - https:\/\/yoast.com\/product\/yoast-seo-wordpress\/ -->\n<title>Tarjeta Regalo Masaje Detox Marbella | Rituals by Glow<\/title>\n<meta name=\"description\" content=\"Regala un masaje detox en Marbella desde 95\u20ac. Drenaje linf\u00e1tico, aceites depurativos y eliminaci\u00f3n de toxinas. Reset total.\" \/>\n<meta name=\"robots\" content=\"index, follow, max-snippet:-1, max-image-preview:large, max-video-preview:-1\" \/>\n<link rel=\"canonical\" href=\"https:\/\/marbella.ritualsbyglow.com\/en\/product\/detox-tarjeta-regalo-marbella\/\" \/>\n<meta property=\"og:locale\" content=\"en_GB\" \/>\n<meta property=\"og:type\" content=\"article\" \/>\n<meta property=\"og:title\" content=\"Tarjeta Regalo Masaje Detox Marbella | Rituals by Glow\" \/>\n<meta property=\"og:description\" content=\"Regala un masaje detox en Marbella desde 95\u20ac. Drenaje linf\u00e1tico, aceites depurativos y eliminaci\u00f3n de toxinas. Reset total.\" \/>\n<meta property=\"og:url\" content=\"https:\/\/marbella.ritualsbyglow.com\/en\/product\/detox-tarjeta-regalo-marbella\/\" \/>\n<meta property=\"og:site_name\" content=\"Rituals By Glow Marbella\" \/>\n<meta property=\"article:publisher\" content=\"https:\/\/www.facebook.com\/glowoficial.es\" \/>\n<meta property=\"article:modified_time\" content=\"2026-05-04T07:58:51+00:00\" \/>\n<meta property=\"og:image\" content=\"https:\/\/marbella.ritualsbyglow.com\/wp-content\/uploads\/2026\/05\/Masaje-Detox.webp\" \/>\n\t<meta property=\"og:image:width\" content=\"1511\" \/>\n\t<meta property=\"og:image:height\" content=\"1041\" \/>\n\t<meta property=\"og:image:type\" content=\"image\/webp\" \/>\n<meta name=\"twitter:card\" content=\"summary_large_image\" \/>\n<meta name=\"twitter:label1\" content=\"Estimated reading time\" \/>\n\t<meta name=\"twitter:data1\" content=\"1 minute\" \/>\n<script type=\"application\/ld+json\" class=\"yoast-schema-graph\">{\"@context\":\"https:\\\/\\\/schema.org\",\"@graph\":[{\"@type\":\"WebPage\",\"@id\":\"https:\\\/\\\/marbella.ritualsbyglow.com\\\/producto\\\/detox-tarjeta-regalo-marbella\\\/\",\"url\":\"https:\\\/\\\/marbella.ritualsbyglow.com\\\/producto\\\/detox-tarjeta-regalo-marbella\\\/\",\"name\":\"Tarjeta Regalo Masaje Detox Marbella | Rituals by Glow\",\"isPartOf\":{\"@id\":\"https:\\\/\\\/marbella.ritualsbyglow.com\\\/#website\"},\"primaryImageOfPage\":{\"@id\":\"https:\\\/\\\/marbella.ritualsbyglow.com\\\/producto\\\/detox-tarjeta-regalo-marbella\\\/#primaryimage\"},\"image\":{\"@id\":\"https:\\\/\\\/marbella.ritualsbyglow.com\\\/producto\\\/detox-tarjeta-regalo-marbella\\\/#primaryimage\"},\"thumbnailUrl\":\"https:\\\/\\\/marbella.ritualsbyglow.com\\\/wp-content\\\/uploads\\\/2026\\\/05\\\/Masaje-Detox.webp\",\"datePublished\":\"2026-05-03T21:57:24+00:00\",\"dateModified\":\"2026-05-04T07:58:51+00:00\",\"description\":\"Regala un masaje detox en Marbella desde 95\u20ac. Drenaje linf\u00e1tico, aceites depurativos y eliminaci\u00f3n de toxinas. Reset total.\",\"breadcrumb\":{\"@id\":\"https:\\\/\\\/marbella.ritualsbyglow.com\\\/producto\\\/detox-tarjeta-regalo-marbella\\\/#breadcrumb\"},\"inLanguage\":\"en-GB\",\"potentialAction\":[{\"@type\":\"ReadAction\",\"target\":[\"https:\\\/\\\/marbella.ritualsbyglow.com\\\/producto\\\/detox-tarjeta-regalo-marbella\\\/\"]}]},{\"@type\":\"ImageObject\",\"inLanguage\":\"en-GB\",\"@id\":\"https:\\\/\\\/marbella.ritualsbyglow.com\\\/producto\\\/detox-tarjeta-regalo-marbella\\\/#primaryimage\",\"url\":\"https:\\\/\\\/marbella.ritualsbyglow.com\\\/wp-content\\\/uploads\\\/2026\\\/05\\\/Masaje-Detox.webp\",\"contentUrl\":\"https:\\\/\\\/marbella.ritualsbyglow.com\\\/wp-content\\\/uploads\\\/2026\\\/05\\\/Masaje-Detox.webp\",\"width\":1511,\"height\":1041,\"caption\":\"Masaje-Detox\"},{\"@type\":\"BreadcrumbList\",\"@id\":\"https:\\\/\\\/marbella.ritualsbyglow.com\\\/producto\\\/detox-tarjeta-regalo-marbella\\\/#breadcrumb\",\"itemListElement\":[{\"@type\":\"ListItem\",\"position\":1,\"name\":\"Portada\",\"item\":\"https:\\\/\\\/marbella.ritualsbyglow.com\\\/\"},{\"@type\":\"ListItem\",\"position\":2,\"name\":\"Tienda\",\"item\":\"https:\\\/\\\/marbella.ritualsbyglow.com\\\/tienda\\\/\"},{\"@type\":\"ListItem\",\"position\":3,\"name\":\"Detox Tarjeta Regalo\"}]},{\"@type\":\"WebSite\",\"@id\":\"https:\\\/\\\/marbella.ritualsbyglow.com\\\/#website\",\"url\":\"https:\\\/\\\/marbella.ritualsbyglow.com\\\/\",\"name\":\"Rituals By Glow Marbella\",\"description\":\"Head Spa, Masajes Coporales, Spa Capilares y Faciales en Marbella\",\"publisher\":{\"@id\":\"https:\\\/\\\/marbella.ritualsbyglow.com\\\/#organization\"},\"potentialAction\":[{\"@type\":\"SearchAction\",\"target\":{\"@type\":\"EntryPoint\",\"urlTemplate\":\"https:\\\/\\\/marbella.ritualsbyglow.com\\\/?s={search_term_string}\"},\"query-input\":{\"@type\":\"PropertyValueSpecification\",\"valueRequired\":true,\"valueName\":\"search_term_string\"}}],\"inLanguage\":\"en-GB\"},{\"@type\":\"Organization\",\"@id\":\"https:\\\/\\\/marbella.ritualsbyglow.com\\\/#organization\",\"name\":\"Rituals By Glow Marbella\",\"url\":\"https:\\\/\\\/marbella.ritualsbyglow.com\\\/\",\"logo\":{\"@type\":\"ImageObject\",\"inLanguage\":\"en-GB\",\"@id\":\"https:\\\/\\\/marbella.ritualsbyglow.com\\\/#\\\/schema\\\/logo\\\/image\\\/\",\"url\":\"https:\\\/\\\/marbella.ritualsbyglow.com\\\/wp-content\\\/uploads\\\/2026\\\/05\\\/rituals-logo-dark-800w.png\",\"contentUrl\":\"https:\\\/\\\/marbella.ritualsbyglow.com\\\/wp-content\\\/uploads\\\/2026\\\/05\\\/rituals-logo-dark-800w.png\",\"width\":800,\"height\":333,\"caption\":\"Rituals By Glow Marbella\"},\"image\":{\"@id\":\"https:\\\/\\\/marbella.ritualsbyglow.com\\\/#\\\/schema\\\/logo\\\/image\\\/\"},\"sameAs\":[\"https:\\\/\\\/www.facebook.com\\\/glowoficial.es\",\"https:\\\/\\\/www.instagram.com\\\/glowoficial.es\",\"https:\\\/\\\/tiktok.com\\\/@glowoficial.es\"]}]}<\/script>\n<!-- \/ Yoast SEO plugin. -->","yoast_head_json":{"title":"Tarjeta Regalo Masaje Detox Marbella | Rituals by Glow","description":"Regala un masaje detox en Marbella desde 95\u20ac. Drenaje linf\u00e1tico, aceites depurativos y eliminaci\u00f3n de toxinas. Reset total.","robots":{"index":"index","follow":"follow","max-snippet":"max-snippet:-1","max-image-preview":"max-image-preview:large","max-video-preview":"max-video-preview:-1"},"canonical":"https:\/\/marbella.ritualsbyglow.com\/en\/product\/detox-tarjeta-regalo-marbella\/","og_locale":"en_GB","og_type":"article","og_title":"Tarjeta Regalo Masaje Detox Marbella | Rituals by Glow","og_description":"Regala un masaje detox en Marbella desde 95\u20ac. Drenaje linf\u00e1tico, aceites depurativos y eliminaci\u00f3n de toxinas. Reset total.","og_url":"https:\/\/marbella.ritualsbyglow.com\/en\/product\/detox-tarjeta-regalo-marbella\/","og_site_name":"Rituals By Glow Marbella","article_publisher":"https:\/\/www.facebook.com\/glowoficial.es","article_modified_time":"2026-05-04T07:58:51+00:00","og_image":[{"width":1511,"height":1041,"url":"https:\/\/marbella.ritualsbyglow.com\/wp-content\/uploads\/2026\/05\/Masaje-Detox.webp","type":"image\/webp"}],"twitter_card":"summary_large_image","twitter_misc":{"Estimated reading time":"1 minute"},"schema":{"@context":"https:\/\/schema.org","@graph":[{"@type":"WebPage","@id":"https:\/\/marbella.ritualsbyglow.com\/producto\/detox-tarjeta-regalo-marbella\/","url":"https:\/\/marbella.ritualsbyglow.com\/producto\/detox-tarjeta-regalo-marbella\/","name":"Tarjeta Regalo Masaje Detox Marbella | Rituals by Glow","isPartOf":{"@id":"https:\/\/marbella.ritualsbyglow.com\/#website"},"primaryImageOfPage":{"@id":"https:\/\/marbella.ritualsbyglow.com\/producto\/detox-tarjeta-regalo-marbella\/#primaryimage"},"image":{"@id":"https:\/\/marbella.ritualsbyglow.com\/producto\/detox-tarjeta-regalo-marbella\/#primaryimage"},"thumbnailUrl":"https:\/\/marbella.ritualsbyglow.com\/wp-content\/uploads\/2026\/05\/Masaje-Detox.webp","datePublished":"2026-05-03T21:57:24+00:00","dateModified":"2026-05-04T07:58:51+00:00","description":"Regala un masaje detox en Marbella desde 95\u20ac. Drenaje linf\u00e1tico, aceites depurativos y eliminaci\u00f3n de toxinas. Reset total.","breadcrumb":{"@id":"https:\/\/marbella.ritualsbyglow.com\/producto\/detox-tarjeta-regalo-marbella\/#breadcrumb"},"inLanguage":"en-GB","potentialAction":[{"@type":"ReadAction","target":["https:\/\/marbella.ritualsbyglow.com\/producto\/detox-tarjeta-regalo-marbella\/"]}]},{"@type":"ImageObject","inLanguage":"en-GB","@id":"https:\/\/marbella.ritualsbyglow.com\/producto\/detox-tarjeta-regalo-marbella\/#primaryimage","url":"https:\/\/marbella.ritualsbyglow.com\/wp-content\/uploads\/2026\/05\/Masaje-Detox.webp","contentUrl":"https:\/\/marbella.ritualsbyglow.com\/wp-content\/uploads\/2026\/05\/Masaje-Detox.webp","width":1511,"height":1041,"caption":"Masaje-Detox"},{"@type":"BreadcrumbList","@id":"https:\/\/marbella.ritualsbyglow.com\/producto\/detox-tarjeta-regalo-marbella\/#breadcrumb","itemListElement":[{"@type":"ListItem","position":1,"name":"Portada","item":"https:\/\/marbella.ritualsbyglow.com\/"},{"@type":"ListItem","position":2,"name":"Tienda","item":"https:\/\/marbella.ritualsbyglow.com\/tienda\/"},{"@type":"ListItem","position":3,"name":"Detox Tarjeta Regalo"}]},{"@type":"WebSite","@id":"https:\/\/marbella.ritualsbyglow.com\/#website","url":"https:\/\/marbella.ritualsbyglow.com\/","name":"Rituals By Glow Marbella","description":"Head Spa, Masajes Coporales, Spa Capilares y Faciales en Marbella","publisher":{"@id":"https:\/\/marbella.ritualsbyglow.com\/#organization"},"potentialAction":[{"@type":"SearchAction","target":{"@type":"EntryPoint","urlTemplate":"https:\/\/marbella.ritualsbyglow.com\/?s={search_term_string}"},"query-input":{"@type":"PropertyValueSpecification","valueRequired":true,"valueName":"search_term_string"}}],"inLanguage":"en-GB"},{"@type":"Organization","@id":"https:\/\/marbella.ritualsbyglow.com\/#organization","name":"Rituals By Glow Marbella","url":"https:\/\/marbella.ritualsbyglow.com\/","logo":{"@type":"ImageObject","inLanguage":"en-GB","@id":"https:\/\/marbella.ritualsbyglow.com\/#\/schema\/logo\/image\/","url":"https:\/\/marbella.ritualsbyglow.com\/wp-content\/uploads\/2026\/05\/rituals-logo-dark-800w.png","contentUrl":"https:\/\/marbella.ritualsbyglow.com\/wp-content\/uploads\/2026\/05\/rituals-logo-dark-800w.png","width":800,"height":333,"caption":"Rituals By Glow Marbella"},"image":{"@id":"https:\/\/marbella.ritualsbyglow.com\/#\/schema\/logo\/image\/"},"sameAs":["https:\/\/www.facebook.com\/glowoficial.es","https:\/\/www.instagram.com\/glowoficial.es","https:\/\/tiktok.com\/@glowoficial.es"]}]}},"_links":{"self":[{"href":"https:\/\/marbella.ritualsbyglow.com\/en\/wp-json\/wp\/v2\/product\/251","targetHints":{"allow":["GET"]}}],"collection":[{"href":"https:\/\/marbella.ritualsbyglow.com\/en\/wp-json\/wp\/v2\/product"}],"about":[{"href":"https:\/\/marbella.ritualsbyglow.com\/en\/wp-json\/wp\/v2\/types\/product"}],"replies":[{"embeddable":true,"href":"https:\/\/marbella.ritualsbyglow.com\/en\/wp-json\/wp\/v2\/comments?post=251"}],"wp:featuredmedia":[{"embeddable":true,"href":"https:\/\/marbella.ritualsbyglow.com\/en\/wp-json\/wp\/v2\/media\/201"}],"wp:attachment":[{"href":"https:\/\/marbella.ritualsbyglow.com\/en\/wp-json\/wp\/v2\/media?parent=251"}],"wp:term":[{"taxonomy":"product_brand","embeddable":true,"href":"https:\/\/marbella.ritualsbyglow.com\/en\/wp-json\/wp\/v2\/product_brand?post=251"},{"taxonomy":"product_cat","embeddable":true,"href":"https:\/\/marbella.ritualsbyglow.com\/en\/wp-json\/wp\/v2\/product_cat?post=251"},{"taxonomy":"product_tag","embeddable":true,"href":"https:\/\/marbella.ritualsbyglow.com\/en\/wp-json\/wp\/v2\/product_tag?post=251"}],"curies":[{"name":"wp","href":"https:\/\/api.w.org\/{rel}","templated":true}]}}